{"id":154,"date":"2023-07-14T09:50:29","date_gmt":"2023-07-14T09:50:29","guid":{"rendered":"https:\/\/daamsart.com\/?page_id=154"},"modified":"2025-09-11T09:23:42","modified_gmt":"2025-09-11T09:23:42","slug":"events","status":"publish","type":"page","link":"https:\/\/daamsart.com\/index.php\/events\/","title":{"rendered":"Events"},"content":{"rendered":"\n<p style=\"font-size:24px\"><strong>Exhibitions<\/strong><\/p>\n\n\n\n<p>2025     Affordable Art Fair with Galerie Ann\u00e9e, Amsterdam<\/p>\n\n\n\n<p>2025     &#8216;Post Reel&#8217; at Gallery D\u00fcrve, Sittard <\/p>\n\n\n\n<p>2025     Art Laren with Galerie Ann\u00e9e, Laren<\/p>\n\n\n\n<p>2025 \u00a0\u00a0\u00a0 New Year\u2019s exhibition at Galerie Ann\u00e9e, Haarlem<\/p>\n\n\n\n<p>2024 &nbsp;&nbsp;&nbsp; Members exhibition \u2018Kleur\u2019 at Boterhal, Hoorn<\/p>\n\n\n\n<p>2024 &nbsp;&nbsp;&nbsp; Nock Nock Art Fair, Amsterdam<\/p>\n\n\n\n<p>2024 &nbsp;&nbsp;&nbsp; \u2018Spring Showcase\u2019 at Galerie Mokum, Amsterdam<\/p>\n\n\n\n<p>2024 &nbsp;&nbsp;&nbsp; \u2018Hoornse Nieuwe\u2019 at Boterhal, Hoorn<\/p>\n\n\n\n<p>2023 &nbsp;&nbsp;&nbsp; Members exhibition \u2018Koud kunstje\u2019 at Boterhal, Hoorn<\/p>\n\n\n\n<p>2023 &nbsp;&nbsp;&nbsp; Affordable Art Fair with Galerie Mokum, Amsterdam<\/p>\n\n\n\n<p>2023 &nbsp;&nbsp;&nbsp; Europ Art Fair, Amsterdam<\/p>\n\n\n\n<p>2023 &nbsp;&nbsp;&nbsp; Members exhibition \u2018Hoop\u2019 at Boterhal, Hoorn<\/p>\n\n\n\n<p>2023 &nbsp;&nbsp;&nbsp; Solo exhibition at Galerie in de School, Gorssel<\/p>\n\n\n\n<p>2023 &nbsp;&nbsp;&nbsp; Art Eindhoven\/Painting of the year 2022, Eindhoven<\/p>\n\n\n\n<p>2022 &nbsp;&nbsp;&nbsp; Watercolours at Kunstkantoor Bild, Hoorn<\/p>\n\n\n\n<p>2021 &nbsp;&nbsp;&nbsp; ING Discerning Eye 2021, London. (Selected by Russell Tovey)<\/p>\n","protected":false},"excerpt":{"rendered":"<p>Exhibitions 2025 Affordable Art Fair with Galerie Ann\u00e9e, Amsterdam 2025 &#8216;Post Reel&#8217; at Gallery D\u00fcrve, Sittard 2025 Art Laren with Galerie Ann\u00e9e, Laren 2025 \u00a0\u00a0\u00a0 New Year\u2019s exhibition at Galerie Ann\u00e9e, Haarlem 2024 &nbsp;&nbsp;&nbsp; Members exhibition \u2018Kleur\u2019 at Boterhal, Hoorn 2024 &nbsp;&nbsp;&nbsp; Nock Nock Art Fair, Amsterdam 2024 &nbsp;&nbsp;&nbsp; \u2018Spring Showcase\u2019 at Galerie Mokum, Amsterdam &hellip; <\/p>\n<p class=\"link-more\"><a href=\"https:\/\/daamsart.com\/index.php\/events\/\" class=\"more-link\">Continue reading<span class=\"screen-reader-text\"> &#8220;Events&#8221;<\/span><\/a><\/p>\n","protected":false},"author":1,"featured_media":165,"parent":0,"menu_order":0,"comment_status":"closed","ping_status":"closed","template":"","meta":{"om_disable_all_campaigns":false,"_monsterinsights_skip_tracking":false,"_monsterinsights_sitenote_active":false,"_monsterinsights_sitenote_note":"","_monsterinsights_sitenote_category":0},"aioseo_notices":[],"_links":{"self":[{"href":"https:\/\/daamsart.com\/index.php\/wp-json\/wp\/v2\/pages\/154"}],"collection":[{"href":"https:\/\/daamsart.com\/index.php\/wp-json\/wp\/v2\/pages"}],"about":[{"href":"https:\/\/daamsart.com\/index.php\/wp-json\/wp\/v2\/types\/page"}],"author":[{"embeddable":true,"href":"https:\/\/daamsart.com\/index.php\/wp-json\/wp\/v2\/users\/1"}],"replies":[{"embeddable":true,"href":"https:\/\/daamsart.com\/index.php\/wp-json\/wp\/v2\/comments?post=154"}],"version-history":[{"count":25,"href":"https:\/\/daamsart.com\/index.php\/wp-json\/wp\/v2\/pages\/154\/revisions"}],"predecessor-version":[{"id":291,"href":"https:\/\/daamsart.com\/index.php\/wp-json\/wp\/v2\/pages\/154\/revisions\/291"}],"wp:featuredmedia":[{"embeddable":true,"href":"https:\/\/daamsart.com\/index.php\/wp-json\/wp\/v2\/media\/165"}],"wp:attachment":[{"href":"https:\/\/daamsart.com\/index.php\/wp-json\/wp\/v2\/media?parent=154"}],"curies":[{"name":"wp","href":"https:\/\/api.w.org\/{rel}","templated":true}]}}